{"id":1466,"date":"2023-01-25T08:46:20","date_gmt":"2023-01-25T08:46:20","guid":{"rendered":"https:\/\/villazilverkustportugal.be\/?page_id=1466"},"modified":"2023-01-25T08:47:34","modified_gmt":"2023-01-25T08:47:34","slug":"boeken-3","status":"publish","type":"page","link":"https:\/\/villazilverkustportugal.be\/fr\/boeken-3\/","title":{"rendered":"R\u00e9servez maintenant"},"content":{"rendered":"<div id=\"pl-1466\"  class=\"panel-layout\" ><div id=\"pg-1466-0\"  class=\"panel-grid panel-has-style\" ><div class=\"siteorigin-panels-stretch panel-row-style-full-width panel-row-style panel-row-style-for-1466-0\" data-stretch-type=\"full-stretched\" ><div id=\"pgc-1466-0-0\"  class=\"panel-grid-cell panel-grid-cell-empty\" ><\/div><\/div><\/div><div id=\"pg-1466-1\"  class=\"panel-grid panel-no-style\" ><div id=\"pgc-1466-1-0\"  class=\"panel-grid-cell\" ><div id=\"panel-1466-1-0-0\" class=\"so-panel widget widget_sow-editor panel-first-child panel-last-child\" data-index=\"0\" ><div\n\t\t\t\n\t\t\tclass=\"so-widget-sow-editor so-widget-sow-editor-base\"\n\t\t\t\n\t\t><h3 class=\"widget-title\">Villa TRIANGLE<\/h3>\n<div class=\"siteorigin-widget-tinymce textwidget\">\n\t<h1 style=\"text-align: center;\">R\u00e9servez vos vacences dans notre Villa TRIANGLE<\/h1>\n<p style=\"text-align: center;\">Remplissez le formulaire ci-dessous et nous v\u00e9rifierons la disponibilit\u00e9 de votre demande.<br \/>\nVous recevrez ensuite un e-mail de confirmation de notre part.<\/p>\n<p style=\"text-align: center;\">\n<\/div>\n<\/div><\/div><\/div><\/div><div id=\"pg-1466-2\"  class=\"panel-grid panel-no-style\" ><div id=\"pgc-1466-2-0\"  class=\"panel-grid-cell\" ><div id=\"panel-1466-2-0-0\" class=\"so-panel widget widget_sow-contact-form panel-first-child panel-last-child\" data-index=\"1\" ><div\n\t\t\t\n\t\t\tclass=\"so-widget-sow-contact-form so-widget-sow-contact-form-default-b4b45496f230-1466\"\n\t\t\t\n\t\t>\t<form\n\t\taction=\"\/fr\/wp-json\/wp\/v2\/pages\/1466\"\n\t\tmethod=\"POST\"\n\t\tclass=\"sow-contact-form\"\n\t\tid=\"contact-form-ca11\"\n\t>\n\n\t\t\n\t\t            <p><em>With * are required fields<\/em><\/p>\n\t\t\t            <div class=\"sow-form-field sow-form-field-name\"><label class=\"sow-form-field-label-above\" for=\"sow-contact-form-field-name-152741100363b3faa436deb539816170\">\n\t\t\t\t<strong>\n\t\t\t\t\tName\t\t\t\t\t\t\t\t\t\t\t<span class=\"sow-form-field-required\">*<\/span>\n\t\t\t\t\t\t\t\t\t<\/strong>\n\t\t\t<\/label>\n\t\t\t<span class=\"sow-field-container\">\t\t<input\n\t\t\ttype=\"text\"\n\t\t\tname=\"name-152741100363b3faa436deb539816170\"\n\t\t\tid=\"sow-contact-form-field-name-152741100363b3faa436deb539816170\"\n\t\t\tvalue=\"\"\n\t\t\tclass=\"sow-text-field\"\n\t\t\t\t\t\/>\n\t\t<\/span><\/div>            <div class=\"sow-form-field sow-form-field-email\"><label class=\"sow-form-field-label-above\" for=\"sow-contact-form-field-e-mail-152741100363b3faa436deb539816170\">\n\t\t\t\t<strong>\n\t\t\t\t\tE-mail\t\t\t\t\t\t\t\t\t\t\t<span class=\"sow-form-field-required\">*<\/span>\n\t\t\t\t\t\t\t\t\t<\/strong>\n\t\t\t<\/label>\n\t\t\t<span class=\"sow-field-container\">\t\t<input\n\t\t\ttype=\"email\"\n\t\t\tname=\"e-mail-152741100363b3faa436deb539816170\"\n\t\t\tid=\"sow-contact-form-field-e-mail-152741100363b3faa436deb539816170\"\n\t\t\tvalue=\"\"\n\t\t\tclass=\"sow-text-field\"\t\t\t\t\t\/>\n\t\t<\/span><\/div>            <div class=\"sow-form-field sow-form-field-text\"><label class=\"sow-form-field-label-above\" for=\"sow-contact-form-field-address-152741100363b3faa436deb539816170\">\n\t\t\t\t<strong>\n\t\t\t\t\tAddress\t\t\t\t\t\t\t\t\t\t\t<span class=\"sow-form-field-required\">*<\/span>\n\t\t\t\t\t\t\t\t\t<\/strong>\n\t\t\t<\/label>\n\t\t\t<span class=\"sow-field-container\">\t\t<input\n\t\t\ttype=\"text\"\n\t\t\tname=\"address-152741100363b3faa436deb539816170\"\n\t\t\tid=\"sow-contact-form-field-address-152741100363b3faa436deb539816170\"\n\t\t\tvalue=\"\"\n\t\t\tclass=\"sow-text-field\"\t\t\t\t\t\/>\n\t\t<\/span><\/div>            <div class=\"sow-form-field sow-form-field-text\"><label class=\"sow-form-field-label-above\" for=\"sow-contact-form-field-postal-code-152741100363b3faa436deb539816170\">\n\t\t\t\t<strong>\n\t\t\t\t\tPostal Code\t\t\t\t\t\t\t\t\t\t\t<span class=\"sow-form-field-required\">*<\/span>\n\t\t\t\t\t\t\t\t\t<\/strong>\n\t\t\t<\/label>\n\t\t\t<span class=\"sow-field-container\">\t\t<input\n\t\t\ttype=\"text\"\n\t\t\tname=\"postal-code-152741100363b3faa436deb539816170\"\n\t\t\tid=\"sow-contact-form-field-postal-code-152741100363b3faa436deb539816170\"\n\t\t\tvalue=\"\"\n\t\t\tclass=\"sow-text-field\"\t\t\t\t\t\/>\n\t\t<\/span><\/div>            <div class=\"sow-form-field sow-form-field-text\"><label class=\"sow-form-field-label-above\" for=\"sow-contact-form-field-city-152741100363b3faa436deb539816170\">\n\t\t\t\t<strong>\n\t\t\t\t\tCity\t\t\t\t\t\t\t\t\t\t\t<span class=\"sow-form-field-required\">*<\/span>\n\t\t\t\t\t\t\t\t\t<\/strong>\n\t\t\t<\/label>\n\t\t\t<span class=\"sow-field-container\">\t\t<input\n\t\t\ttype=\"text\"\n\t\t\tname=\"city-152741100363b3faa436deb539816170\"\n\t\t\tid=\"sow-contact-form-field-city-152741100363b3faa436deb539816170\"\n\t\t\tvalue=\"\"\n\t\t\tclass=\"sow-text-field\"\t\t\t\t\t\/>\n\t\t<\/span><\/div>            <div class=\"sow-form-field sow-form-field-text\"><label class=\"sow-form-field-label-above\" for=\"sow-contact-form-field-phone-152741100363b3faa436deb539816170\">\n\t\t\t\t<strong>\n\t\t\t\t\tPhone\t\t\t\t\t\t\t\t\t\t\t<span class=\"sow-form-field-required\">*<\/span>\n\t\t\t\t\t\t\t\t\t<\/strong>\n\t\t\t<\/label>\n\t\t\t<span class=\"sow-field-container\">\t\t<input\n\t\t\ttype=\"text\"\n\t\t\tname=\"phone-152741100363b3faa436deb539816170\"\n\t\t\tid=\"sow-contact-form-field-phone-152741100363b3faa436deb539816170\"\n\t\t\tvalue=\"\"\n\t\t\tclass=\"sow-text-field\"\t\t\t\t\t\/>\n\t\t<\/span><\/div>            <div class=\"sow-form-field sow-form-field-textarea\"><label class=\"sow-form-field-label-above\" for=\"sow-contact-form-field-message-152741100363b3faa436deb539816170\">\n\t\t\t\t<strong>\n\t\t\t\t\tMessage\t\t\t\t\t\t\t\t\t<\/strong>\n\t\t\t<\/label>\n\t\t\t<span class=\"sow-field-container\">\t\t<textarea\n\t\t\tname=\"message-152741100363b3faa436deb539816170\"\n\t\t\tid=\"sow-contact-form-field-message-152741100363b3faa436deb539816170\"\n\t\t\trows=\"10\"\n\t\t\t\t\t\t\t\t><\/textarea>\n\t\t<\/span><\/div>            <div class=\"sow-form-field sow-form-field-text\"><label class=\"sow-form-field-label-above\" for=\"sow-contact-form-field-date-of-arrival-152741100363b3faa436deb539816170\">\n\t\t\t\t<strong>\n\t\t\t\t\tDate of arrival\t\t\t\t\t\t\t\t\t\t\t<span class=\"sow-form-field-required\">*<\/span>\n\t\t\t\t\t\t\t\t\t<\/strong>\n\t\t\t<\/label>\n\t\t\t<span class=\"sow-field-container\">\t\t<input\n\t\t\ttype=\"text\"\n\t\t\tname=\"date-of-arrival-152741100363b3faa436deb539816170\"\n\t\t\tid=\"sow-contact-form-field-date-of-arrival-152741100363b3faa436deb539816170\"\n\t\t\tvalue=\"\"\n\t\t\tclass=\"sow-text-field\"\t\t\t\t\t\/>\n\t\t<\/span><\/div>            <div class=\"sow-form-field sow-form-field-text\"><label class=\"sow-form-field-label-above\" for=\"sow-contact-form-field-amount-of-weeks-152741100363b3faa436deb539816170\">\n\t\t\t\t<strong>\n\t\t\t\t\tAmount of weeks\t\t\t\t\t\t\t\t\t\t\t<span class=\"sow-form-field-required\">*<\/span>\n\t\t\t\t\t\t\t\t\t<\/strong>\n\t\t\t<\/label>\n\t\t\t<span class=\"sow-field-container\">\t\t<input\n\t\t\ttype=\"text\"\n\t\t\tname=\"amount-of-weeks-152741100363b3faa436deb539816170\"\n\t\t\tid=\"sow-contact-form-field-amount-of-weeks-152741100363b3faa436deb539816170\"\n\t\t\tvalue=\"\"\n\t\t\tclass=\"sow-text-field\"\t\t\t\t\t\/>\n\t\t<\/span><\/div>            <div class=\"sow-form-field sow-form-field-text\"><label class=\"sow-form-field-label-above\" for=\"sow-contact-form-field-number-of-persons-152741100363b3faa436deb539816170\">\n\t\t\t\t<strong>\n\t\t\t\t\tNumber of persons\t\t\t\t\t\t\t\t\t\t\t<span class=\"sow-form-field-required\">*<\/span>\n\t\t\t\t\t\t\t\t\t<\/strong>\n\t\t\t<\/label>\n\t\t\t<span class=\"sow-field-container\">\t\t<input\n\t\t\ttype=\"text\"\n\t\t\tname=\"number-of-persons-152741100363b3faa436deb539816170\"\n\t\t\tid=\"sow-contact-form-field-number-of-persons-152741100363b3faa436deb539816170\"\n\t\t\tvalue=\"\"\n\t\t\tclass=\"sow-text-field\"\t\t\t\t\t\/>\n\t\t<\/span><\/div>\t\t\n\t\t\t\t\t<div class=\"sow-recaptcha\"\n\t\t\t\t\t\t\t><\/div>\n\t\t\n\t\t\n\t\t<input type=\"hidden\" name=\"instance_hash\" value=\"ca114ff8134c095bf3d12839668664c1\" \/>\n\t\t<input type=\"hidden\" id=\"_wpnonce\" name=\"_wpnonce\" value=\"37820fad0a\" \/><input type=\"hidden\" name=\"_wp_http_referer\" value=\"\/fr\/wp-json\/wp\/v2\/pages\/1466\" \/>\t\t<div class=\"sow-submit-wrapper sow-submit-styled\">\n\n\t\t<button class=\"sow-submit g-recaptcha\"\n\t\t\tdata-sitekey=\"6LdBG8kjAAAAAD6D22psxJV-jt4BaEollMBkAUd5\" data-callback=\"soContactFormSubmit\" data-action=\"submit\" \t\t\t\t\t>\n\t\t\tSEND\t\t<\/button>\n\n\t\t<\/div>\n\t<\/form>\n\t<\/div><\/div><\/div><\/div><\/div>","protected":false},"excerpt":{"rendered":"<p>R\u00e9servez vos vacences dans notre Villa TRIANGLE Remplissez le formulaire ci-dessous et nous v\u00e9rifierons la disponibilit\u00e9 de votre demande. Vous recevrez ensuite un e-mail de confirmation de notre part.<\/p>\n","protected":false},"author":1,"featured_media":0,"parent":0,"menu_order":0,"comment_status":"closed","ping_status":"closed","template":"templates\/template-full.php","meta":[],"_links":{"self":[{"href":"https:\/\/villazilverkustportugal.be\/fr\/wp-json\/wp\/v2\/pages\/1466"}],"collection":[{"href":"https:\/\/villazilverkustportugal.be\/fr\/wp-json\/wp\/v2\/pages"}],"about":[{"href":"https:\/\/villazilverkustportugal.be\/fr\/wp-json\/wp\/v2\/types\/page"}],"author":[{"embeddable":true,"href":"https:\/\/villazilverkustportugal.be\/fr\/wp-json\/wp\/v2\/users\/1"}],"replies":[{"embeddable":true,"href":"https:\/\/villazilverkustportugal.be\/fr\/wp-json\/wp\/v2\/comments?post=1466"}],"version-history":[{"count":8,"href":"https:\/\/villazilverkustportugal.be\/fr\/wp-json\/wp\/v2\/pages\/1466\/revisions"}],"predecessor-version":[{"id":1474,"href":"https:\/\/villazilverkustportugal.be\/fr\/wp-json\/wp\/v2\/pages\/1466\/revisions\/1474"}],"wp:attachment":[{"href":"https:\/\/villazilverkustportugal.be\/fr\/wp-json\/wp\/v2\/media?parent=1466"}],"curies":[{"name":"wp","href":"https:\/\/api.w.org\/{rel}","templated":true}]}}